{"id":21429,"date":"2025-12-08T17:31:49","date_gmt":"2025-12-08T17:31:49","guid":{"rendered":"https:\/\/lacayetana.com\/index.php\/producto\/almuerzo_lc-0414\/"},"modified":"2025-12-26T12:24:49","modified_gmt":"2025-12-26T12:24:49","slug":"almuerzo_lc-0414","status":"publish","type":"product","link":"https:\/\/lacayetana.com\/index.php\/producto\/almuerzo_lc-0414\/","title":{"rendered":"\ud83c\udf89 Almuerzo de Convivencia de Socios \u2013 La Cayetana LC-0414"},"content":{"rendered":"<p>Hola Jes\u00fas \ud83d\ude0f<\/p>\n<p>Te invitamos a disfrutar de nuestro Almuerzo de Convivencia de Socios, que se celebrar\u00e1 el 27 de diciembre, una jornada pensada para compartir, disfrutar y celebrar juntos.<\/p>\n<p>El evento cuenta con dos modalidades de entrada, a elegir durante la compra:<\/p>\n<p>\u2705 Almuerzo + Copa \u2013 20 \u20ac<\/p>\n<p>Acceso al evento a partir de las 14:30 h<br \/>\nIncluye almuerzo al aire libre<br \/>\nPrimera copa incluida<br \/>\nM\u00fasica en directo con el grupo Kadip\u00f3<br \/>\nSesi\u00f3n posterior con DJ Tony Porras<br \/>\nM\u00e1ximo 4 entradas por socio para esta modalidad<\/p>\n<p>\u2705 Entrada + Copa \u2013 15 \u20ac<\/p>\n<p>Acceso al evento a partir de las 17:00 h<br \/>\nPrimera copa incluida<br \/>\nDisfruta de la tarde con m\u00fasica en directo y DJ<br \/>\nM\u00e1ximo 6 entradas por socio para esta modalidad<\/p>\n<p>Una vez realizada la compra, recibir\u00e1s en tu correo electr\u00f3nico una entrada en formato QR por cada entrada adquirida, v\u00e1lida para el acceso el d\u00eda del evento.<\/p>\n<p>\u00a1Te esperamos para disfrutar juntos de otro d\u00eda inolvidable!<\/p>\n<p>La Cayetana<\/p>\n","protected":false},"excerpt":{"rendered":"<p>LC-0414<\/p>\n","protected":false},"featured_media":21428,"template":"","meta":{"_et_pb_use_builder":"","_et_pb_old_content":"","_et_gb_content_width":"","_uf_show_specific_survey":0,"_uf_disable_surveys":false},"product_brand":[],"product_cat":[37],"product_tag":[],"class_list":{"0":"post-21429","1":"product","2":"type-product","3":"status-publish","4":"has-post-thumbnail","6":"product_cat-convivencia","8":"first","9":"instock","10":"shipping-taxable","11":"purchasable","12":"product-type-variable"},"jetpack_sharing_enabled":true,"_links":{"self":[{"href":"https:\/\/lacayetana.com\/index.php\/wp-json\/wp\/v2\/product\/21429","targetHints":{"allow":["GET"]}}],"collection":[{"href":"https:\/\/lacayetana.com\/index.php\/wp-json\/wp\/v2\/product"}],"about":[{"href":"https:\/\/lacayetana.com\/index.php\/wp-json\/wp\/v2\/types\/product"}],"wp:featuredmedia":[{"embeddable":true,"href":"https:\/\/lacayetana.com\/index.php\/wp-json\/wp\/v2\/media\/21428"}],"wp:attachment":[{"href":"https:\/\/lacayetana.com\/index.php\/wp-json\/wp\/v2\/media?parent=21429"}],"wp:term":[{"taxonomy":"product_brand","embeddable":true,"href":"https:\/\/lacayetana.com\/index.php\/wp-json\/wp\/v2\/product_brand?post=21429"},{"taxonomy":"product_cat","embeddable":true,"href":"https:\/\/lacayetana.com\/index.php\/wp-json\/wp\/v2\/product_cat?post=21429"},{"taxonomy":"product_tag","embeddable":true,"href":"https:\/\/lacayetana.com\/index.php\/wp-json\/wp\/v2\/product_tag?post=21429"}],"curies":[{"name":"wp","href":"https:\/\/api.w.org\/{rel}","templated":true}]}}