{"id":444,"date":"2023-08-01T18:39:33","date_gmt":"2023-08-01T18:39:33","guid":{"rendered":"https:\/\/lacayetana.com\/index.php\/thank-you\/"},"modified":"2023-08-01T18:39:33","modified_gmt":"2023-08-01T18:39:33","slug":"thank-you","status":"publish","type":"page","link":"https:\/\/lacayetana.com\/index.php\/thank-you\/","title":{"rendered":"Gracias"},"content":{"rendered":"<div class=\"swpm-ty-page-registration\"><div class=\"swpm-ty-page-registration-link swpm-no-user-found swpm-yellow-box\">Si acabas de hacer un pago de membres\u00eda, entonces tu pago todav\u00eda debe ser procesado. Por favor vuelve a revisarlo en unos minutos. Un correo electr\u00f3nico te ser\u00e1 enviado con los detalles en breve.<\/div><\/div>\n","protected":false},"excerpt":{"rendered":"","protected":false},"author":1,"featured_media":0,"parent":0,"menu_order":0,"comment_status":"closed","ping_status":"closed","template":"","meta":{"_et_pb_use_builder":"","_et_pb_old_content":"","_et_gb_content_width":"","_uf_show_specific_survey":0,"_uf_disable_surveys":false,"footnotes":""},"class_list":["post-444","page","type-page","status-publish","hentry"],"jetpack_sharing_enabled":true,"_links":{"self":[{"href":"https:\/\/lacayetana.com\/index.php\/wp-json\/wp\/v2\/pages\/444","targetHints":{"allow":["GET"]}}],"collection":[{"href":"https:\/\/lacayetana.com\/index.php\/wp-json\/wp\/v2\/pages"}],"about":[{"href":"https:\/\/lacayetana.com\/index.php\/wp-json\/wp\/v2\/types\/page"}],"author":[{"embeddable":true,"href":"https:\/\/lacayetana.com\/index.php\/wp-json\/wp\/v2\/users\/1"}],"replies":[{"embeddable":true,"href":"https:\/\/lacayetana.com\/index.php\/wp-json\/wp\/v2\/comments?post=444"}],"version-history":[{"count":0,"href":"https:\/\/lacayetana.com\/index.php\/wp-json\/wp\/v2\/pages\/444\/revisions"}],"wp:attachment":[{"href":"https:\/\/lacayetana.com\/index.php\/wp-json\/wp\/v2\/media?parent=444"}],"curies":[{"name":"wp","href":"https:\/\/api.w.org\/{rel}","templated":true}]}}