{"id":440,"date":"2023-08-01T18:39:33","date_gmt":"2023-08-01T18:39:33","guid":{"rendered":"https:\/\/lacayetana.com\/index.php\/membership-join\/membership-registration\/"},"modified":"2024-05-30T09:05:27","modified_gmt":"2024-05-30T09:05:27","slug":"membership-registration","status":"publish","type":"page","link":"https:\/\/lacayetana.com\/index.php\/membership-join\/membership-registration\/","title":{"rendered":"Registro"},"content":{"rendered":"<p>La membres\u00eda gratuita est\u00e1 desactivada en este sitio. Por favor, haz un pago desde el <a href=\"https:\/\/lacayetana.com\/index.php\/membership-join\/\">\u00danete a nosotros<\/a>p\u00e1gina para pagar una membres\u00eda de pago.<\/p><p>Recibir\u00e1s un enlace \u00fanico a trav\u00e9s del correo electr\u00f3nico despu\u00e9s del pago. Podr\u00e1s utilizar ese enlace para completar el registro de membres\u00eda de pago.<\/p>\n","protected":false},"excerpt":{"rendered":"","protected":false},"author":1,"featured_media":0,"parent":439,"menu_order":0,"comment_status":"closed","ping_status":"closed","template":"","meta":{"_et_pb_use_builder":"","_et_pb_old_content":"","_et_gb_content_width":"1080","_uf_show_specific_survey":0,"_uf_disable_surveys":false,"footnotes":""},"class_list":["post-440","page","type-page","status-publish","hentry"],"jetpack_sharing_enabled":true,"_links":{"self":[{"href":"https:\/\/lacayetana.com\/index.php\/wp-json\/wp\/v2\/pages\/440","targetHints":{"allow":["GET"]}}],"collection":[{"href":"https:\/\/lacayetana.com\/index.php\/wp-json\/wp\/v2\/pages"}],"about":[{"href":"https:\/\/lacayetana.com\/index.php\/wp-json\/wp\/v2\/types\/page"}],"author":[{"embeddable":true,"href":"https:\/\/lacayetana.com\/index.php\/wp-json\/wp\/v2\/users\/1"}],"replies":[{"embeddable":true,"href":"https:\/\/lacayetana.com\/index.php\/wp-json\/wp\/v2\/comments?post=440"}],"version-history":[{"count":1,"href":"https:\/\/lacayetana.com\/index.php\/wp-json\/wp\/v2\/pages\/440\/revisions"}],"predecessor-version":[{"id":739,"href":"https:\/\/lacayetana.com\/index.php\/wp-json\/wp\/v2\/pages\/440\/revisions\/739"}],"up":[{"embeddable":true,"href":"https:\/\/lacayetana.com\/index.php\/wp-json\/wp\/v2\/pages\/439"}],"wp:attachment":[{"href":"https:\/\/lacayetana.com\/index.php\/wp-json\/wp\/v2\/media?parent=440"}],"curies":[{"name":"wp","href":"https:\/\/api.w.org\/{rel}","templated":true}]}}